{"id":546,"date":"2021-05-07T10:19:29","date_gmt":"2021-05-07T08:19:29","guid":{"rendered":"https:\/\/chalet-rosenberg.ch\/covid-19-conception\/"},"modified":"2024-10-22T10:17:26","modified_gmt":"2024-10-22T08:17:26","slug":"covid-19-conception","status":"publish","type":"page","link":"https:\/\/chalet-rosenberg.ch\/fr\/covid-19-conception\/","title":{"rendered":"Rester en bonne sant\u00e9"},"content":{"rendered":"<div id='av_section_1'  class='avia-section av-kbufzd3s-dd428f854b73db9c732bdb3b761e163e main_color avia-section-default avia-shadow  avia-builder-el-0  avia-builder-el-no-sibling  avia-bg-style-scroll container_wrap fullsize'  ><div class='container av-section-cont-open' ><main  class='template-page content  av-content-full alpha units'><div class='post-entry post-entry-type-page post-entry-546'><div class='entry-content-wrapper clearfix'>\n\n<style type=\"text\/css\" data-created_by=\"avia_inline_auto\" id=\"style-css-av-38q1-59d4a1d61c1719c885de0a85685ce4ed\">\n.flex_column.av-38q1-59d4a1d61c1719c885de0a85685ce4ed{\nborder-radius:0px 0px 0px 0px;\npadding:0px 0px 0px 0px;\n}\n<\/style>\n<div  class='flex_column av-38q1-59d4a1d61c1719c885de0a85685ce4ed av_two_third  avia-builder-el-1  el_before_av_two_third  avia-builder-el-first  first flex_column_div av-zero-column-padding  '     ><section  class='av_textblock_section av-jxk41cbl-efdbf0bf3e716cdc661fb25a9873675c '  ><div class='avia_textblock' ><p>Chers h\u00f4tes<\/p>\n<p>Au Chalet Rosenberg aussi, les r\u00e8gles du Covid 19 ont \u00e9t\u00e9 assouplies. Les r\u00e8gles suivantes ne sont actuellement plus prescrites, mais elles permettent n\u00e9amoins de se prot\u00e9ger contre d&rsquo;autres infections (grippe etc.):<\/p>\n<\/div><\/section><\/div>\n<style type=\"text\/css\" data-created_by=\"avia_inline_auto\" id=\"style-css-av-koe0v92c-174b28ccf6af6067181263396882f845\">\n.flex_column.av-koe0v92c-174b28ccf6af6067181263396882f845{\nborder-width:1px;\nborder-color:#919191;\nborder-style:solid;\nborder-radius:0px 0px 0px 0px;\npadding:0px 0px 0px 0px;\n}\n<\/style>\n<div  class='flex_column av-koe0v92c-174b28ccf6af6067181263396882f845 av_two_third  avia-builder-el-3  el_after_av_two_third  avia-builder-el-last  first flex_column_div av-zero-column-padding  column-top-margin'     ><section  class='av_textblock_section av-koe0uv1m-7b28cf9e23ace45316a1ed3e10d6eb91 '  ><div class='avia_textblock' ><ul>\n<li><u>D\u00e9sinfectez-vous les mains<\/u> en entrant dans la maison<\/li>\n<li>Gardez vos <u>distances<\/u> autant que possible<\/li>\n<li><u>Lavez-vous <\/u>les mains r\u00e9guli\u00e8rement<\/li>\n<li><u>Ventilez<\/u> votre appartement r\u00e9guli\u00e8rement<\/li>\n<li>N&rsquo;utilisez <u>l&rsquo;ascenseur<\/u> \u00e0 plusieurs seulement si vous habitez dans le m\u00eame appartement<\/li>\n<li>5 personnes maximum dans le <u>ski room<\/u><\/li>\n<\/ul>\n<\/div><\/section><\/div>\n","protected":false},"excerpt":{"rendered":"","protected":false},"author":4,"featured_media":0,"parent":0,"menu_order":0,"comment_status":"closed","ping_status":"open","template":"","meta":{"footnotes":""},"class_list":["post-546","page","type-page","status-publish","hentry"],"_links":{"self":[{"href":"https:\/\/chalet-rosenberg.ch\/fr\/wp-json\/wp\/v2\/pages\/546","targetHints":{"allow":["GET"]}}],"collection":[{"href":"https:\/\/chalet-rosenberg.ch\/fr\/wp-json\/wp\/v2\/pages"}],"about":[{"href":"https:\/\/chalet-rosenberg.ch\/fr\/wp-json\/wp\/v2\/types\/page"}],"author":[{"embeddable":true,"href":"https:\/\/chalet-rosenberg.ch\/fr\/wp-json\/wp\/v2\/users\/4"}],"replies":[{"embeddable":true,"href":"https:\/\/chalet-rosenberg.ch\/fr\/wp-json\/wp\/v2\/comments?post=546"}],"version-history":[{"count":15,"href":"https:\/\/chalet-rosenberg.ch\/fr\/wp-json\/wp\/v2\/pages\/546\/revisions"}],"predecessor-version":[{"id":682,"href":"https:\/\/chalet-rosenberg.ch\/fr\/wp-json\/wp\/v2\/pages\/546\/revisions\/682"}],"wp:attachment":[{"href":"https:\/\/chalet-rosenberg.ch\/fr\/wp-json\/wp\/v2\/media?parent=546"}],"curies":[{"name":"wp","href":"https:\/\/api.w.org\/{rel}","templated":true}]}}