{"id":324,"date":"2021-04-21T16:37:20","date_gmt":"2021-04-21T14:37:20","guid":{"rendered":"https:\/\/neu.chalet-rosenberg.ch\/7-personnes-superior\/"},"modified":"2021-04-21T16:37:20","modified_gmt":"2021-04-21T14:37:20","slug":"7-personnes-superior","status":"publish","type":"page","link":"https:\/\/chalet-rosenberg.ch\/fr\/7-personnes-superior\/","title":{"rendered":"7 personnes superior"},"content":{"rendered":"<div id='av_section_1'  class='avia-section av-kbufzd3s-dd428f854b73db9c732bdb3b761e163e main_color avia-section-default avia-shadow  avia-builder-el-0  avia-builder-el-no-sibling  avia-bg-style-scroll container_wrap fullsize'  ><div class='container av-section-cont-open' ><main  class='template-page content  av-content-full alpha units'><div class='post-entry post-entry-type-page post-entry-324'><div class='entry-content-wrapper clearfix'>\n\n<style type=\"text\/css\" data-created_by=\"avia_inline_auto\" id=\"style-css-av-38q1-59d4a1d61c1719c885de0a85685ce4ed\">\n.flex_column.av-38q1-59d4a1d61c1719c885de0a85685ce4ed{\nborder-radius:0px 0px 0px 0px;\npadding:0px 0px 0px 0px;\n}\n<\/style>\n<div  class='flex_column av-38q1-59d4a1d61c1719c885de0a85685ce4ed av_two_third  avia-builder-el-1  el_before_av_one_full  avia-builder-el-first  first flex_column_div av-zero-column-padding  '     ><section  class='av_textblock_section av-jxk41cbl-b28c9bfbef6f95d8ffc3d59449b17e7b '  ><div class='avia_textblock' ><h1>Appartement 7 personnes superior<\/h1>\n<p>Cet appartement (140m2) au troisi\u00e8me \u00e9tagae a \u00e9t\u00e9 compl\u00e8tement r\u00e9nov\u00e9 en 2017.\u00a0 Il consiste en 2 chambres double et 1 chambre \u00e0 3 lits avec vue sur le Cervin. L&rsquo;appartement contient des meubles de haute qualit\u00e9 et des \u00e9quipements modernes dans la cuisine et la salle de bains Une salle de bain avec WC et une douche \u00e0 part avec WC, ainsi qu\u2019une cuisine enti\u00e8rement \u00e9quip\u00e9e (avec une machine \u00e0 laver la vaisselle) y font partie. Dans\u00a0 la salle de s\u00e9jour se trouvent t\u00e9l\u00e9vision et radio. WIFI gratuit dans l&rsquo;appartement. Vue libre sur le Cervin depuis le balcon sud-est.\u00a0 Vous serez vraiment \u00e9tonn\u00e9 de cet grand appartement modern!<\/p>\n<\/div><\/section><\/div>\n<style type=\"text\/css\" data-created_by=\"avia_inline_auto\" id=\"style-css-av-7gwru-a334a4fc0820c737e6482cc35e581530\">\n.flex_column.av-7gwru-a334a4fc0820c737e6482cc35e581530{\nborder-radius:0px 0px 0px 0px;\npadding:0px 0px 0px 0px;\n}\n<\/style>\n<div  class='flex_column av-7gwru-a334a4fc0820c737e6482cc35e581530 av_one_full  avia-builder-el-3  el_after_av_two_third  avia-builder-el-last  first flex_column_div av-zero-column-padding  column-top-margin'     ><style type=\"text\/css\" data-created_by=\"avia_inline_auto\" id=\"style-css-av-knrk1us2-5c55c37ac2070edd4b4c8b6268163e1d\">\n#top .avia-gallery.av-knrk1us2-5c55c37ac2070edd4b4c8b6268163e1d .avia-gallery-thumb a{\nwidth:20%;\n}\n<\/style>\n<div  class='avia-gallery av-knrk1us2-5c55c37ac2070edd4b4c8b6268163e1d avia_animate_when_visible  avia-builder-el-4  avia-builder-el-no-sibling  avia_lazyload avia-gallery-animate avia-gallery-1' ><meta itemprop=\"contentURL\" content=\"https:\/\/chalet-rosenberg.ch\/fr\/7-personnes-superior\/\"><div class='avia-gallery-thumb'><a href=\"https:\/\/chalet-rosenberg.ch\/wp-content\/uploads\/2021\/04\/img_1619015400.jpg\" data-srcset=\"https:\/\/chalet-rosenberg.ch\/wp-content\/uploads\/2021\/04\/img_1619015400.jpg 1080w, https:\/\/chalet-rosenberg.ch\/wp-content\/uploads\/2021\/04\/img_1619015400-1024x697.jpg 1024w, https:\/\/chalet-rosenberg.ch\/wp-content\/uploads\/2021\/04\/img_1619015400-768x523.jpg 768w, https:\/\/chalet-rosenberg.ch\/wp-content\/uploads\/2021\/04\/img_1619015400-705x480.jpg 705w\" data-sizes=\"(max-width: 1080px) 100vw, 1080px\" data-rel='gallery-1' data-prev-img='https:\/\/chalet-rosenberg.ch\/wp-content\/uploads\/2021\/04\/img_1619015400-495x400.jpg' class='first_thumb lightbox ' data-onclick='1' title=''  ><img decoding=\"async\" fetchpriority=\"high\" class=\"wp-image-285 avia-img-lazy-loading-not-285\"   src=\"https:\/\/chalet-rosenberg.ch\/wp-content\/uploads\/2021\/04\/img_1619015400-495x400.jpg\" width=\"495\" height=\"400\"  title='img_1619015400' alt='' srcset=\"https:\/\/chalet-rosenberg.ch\/wp-content\/uploads\/2021\/04\/img_1619015400-495x400.jpg 495w, https:\/\/chalet-rosenberg.ch\/wp-content\/uploads\/2021\/04\/img_1619015400-845x684.jpg 845w\" sizes=\"(max-width: 495px) 100vw, 495px\" \/><div class='big-prev-fake'><img decoding=\"async\" loading=\"lazy\" class=\"wp-image-285 avia-img-lazy-loading-285\"  width=\"495\" height=\"400\" src=\"https:\/\/chalet-rosenberg.ch\/wp-content\/uploads\/2021\/04\/img_1619015400-495x400.jpg\" title='img_1619015400' alt='' srcset=\"https:\/\/chalet-rosenberg.ch\/wp-content\/uploads\/2021\/04\/img_1619015400-495x400.jpg 495w, https:\/\/chalet-rosenberg.ch\/wp-content\/uploads\/2021\/04\/img_1619015400-845x684.jpg 845w\" sizes=\"auto, (max-width: 495px) 100vw, 495px\" \/><\/div><\/a><a href=\"https:\/\/chalet-rosenberg.ch\/wp-content\/uploads\/2021\/04\/img_1619015398.jpg\" data-srcset=\"https:\/\/chalet-rosenberg.ch\/wp-content\/uploads\/2021\/04\/img_1619015398.jpg 1080w, https:\/\/chalet-rosenberg.ch\/wp-content\/uploads\/2021\/04\/img_1619015398-1024x710.jpg 1024w, https:\/\/chalet-rosenberg.ch\/wp-content\/uploads\/2021\/04\/img_1619015398-768x533.jpg 768w, https:\/\/chalet-rosenberg.ch\/wp-content\/uploads\/2021\/04\/img_1619015398-705x489.jpg 705w\" data-sizes=\"(max-width: 1080px) 100vw, 1080px\" data-rel='gallery-1' data-prev-img='https:\/\/chalet-rosenberg.ch\/wp-content\/uploads\/2021\/04\/img_1619015398-495x400.jpg' class='lightbox ' data-onclick='2' title=''  ><img decoding=\"async\" fetchpriority=\"high\" class=\"wp-image-288 avia-img-lazy-loading-not-288\"   src=\"https:\/\/chalet-rosenberg.ch\/wp-content\/uploads\/2021\/04\/img_1619015398-495x400.jpg\" width=\"495\" height=\"400\"  title='img_1619015398' alt='' srcset=\"https:\/\/chalet-rosenberg.ch\/wp-content\/uploads\/2021\/04\/img_1619015398-495x400.jpg 495w, https:\/\/chalet-rosenberg.ch\/wp-content\/uploads\/2021\/04\/img_1619015398-845x684.jpg 845w\" sizes=\"(max-width: 495px) 100vw, 495px\" \/><div class='big-prev-fake'><img decoding=\"async\" loading=\"lazy\" class=\"wp-image-288 avia-img-lazy-loading-288\"  width=\"495\" height=\"400\" src=\"https:\/\/chalet-rosenberg.ch\/wp-content\/uploads\/2021\/04\/img_1619015398-495x400.jpg\" title='img_1619015398' alt='' srcset=\"https:\/\/chalet-rosenberg.ch\/wp-content\/uploads\/2021\/04\/img_1619015398-495x400.jpg 495w, https:\/\/chalet-rosenberg.ch\/wp-content\/uploads\/2021\/04\/img_1619015398-845x684.jpg 845w\" sizes=\"auto, (max-width: 495px) 100vw, 495px\" \/><\/div><\/a><a href=\"https:\/\/chalet-rosenberg.ch\/wp-content\/uploads\/2021\/04\/img_1619015397.jpg\" data-srcset=\"https:\/\/chalet-rosenberg.ch\/wp-content\/uploads\/2021\/04\/img_1619015397.jpg 1080w, https:\/\/chalet-rosenberg.ch\/wp-content\/uploads\/2021\/04\/img_1619015397-1024x684.jpg 1024w, https:\/\/chalet-rosenberg.ch\/wp-content\/uploads\/2021\/04\/img_1619015397-768x513.jpg 768w, https:\/\/chalet-rosenberg.ch\/wp-content\/uploads\/2021\/04\/img_1619015397-705x471.jpg 705w\" data-sizes=\"(max-width: 1080px) 100vw, 1080px\" data-rel='gallery-1' data-prev-img='https:\/\/chalet-rosenberg.ch\/wp-content\/uploads\/2021\/04\/img_1619015397-495x400.jpg' class='lightbox ' data-onclick='3' title=''  ><img decoding=\"async\" fetchpriority=\"high\" class=\"wp-image-291 avia-img-lazy-loading-not-291\"   src=\"https:\/\/chalet-rosenberg.ch\/wp-content\/uploads\/2021\/04\/img_1619015397-495x400.jpg\" width=\"495\" height=\"400\"  title='img_1619015397' alt='' srcset=\"https:\/\/chalet-rosenberg.ch\/wp-content\/uploads\/2021\/04\/img_1619015397-495x400.jpg 495w, https:\/\/chalet-rosenberg.ch\/wp-content\/uploads\/2021\/04\/img_1619015397-845x684.jpg 845w\" sizes=\"(max-width: 495px) 100vw, 495px\" \/><div class='big-prev-fake'><img decoding=\"async\" loading=\"lazy\" class=\"wp-image-291 avia-img-lazy-loading-291\"  width=\"495\" height=\"400\" src=\"https:\/\/chalet-rosenberg.ch\/wp-content\/uploads\/2021\/04\/img_1619015397-495x400.jpg\" title='img_1619015397' alt='' srcset=\"https:\/\/chalet-rosenberg.ch\/wp-content\/uploads\/2021\/04\/img_1619015397-495x400.jpg 495w, https:\/\/chalet-rosenberg.ch\/wp-content\/uploads\/2021\/04\/img_1619015397-845x684.jpg 845w\" sizes=\"auto, (max-width: 495px) 100vw, 495px\" \/><\/div><\/a><a href=\"https:\/\/chalet-rosenberg.ch\/wp-content\/uploads\/2021\/04\/img_1619015395.jpg\" data-srcset=\"https:\/\/chalet-rosenberg.ch\/wp-content\/uploads\/2021\/04\/img_1619015395.jpg 1080w, https:\/\/chalet-rosenberg.ch\/wp-content\/uploads\/2021\/04\/img_1619015395-1024x615.jpg 1024w, https:\/\/chalet-rosenberg.ch\/wp-content\/uploads\/2021\/04\/img_1619015395-768x462.jpg 768w, https:\/\/chalet-rosenberg.ch\/wp-content\/uploads\/2021\/04\/img_1619015395-705x424.jpg 705w\" data-sizes=\"(max-width: 1080px) 100vw, 1080px\" data-rel='gallery-1' data-prev-img='https:\/\/chalet-rosenberg.ch\/wp-content\/uploads\/2021\/04\/img_1619015395-495x400.jpg' class='lightbox ' data-onclick='4' title=''  ><img decoding=\"async\" fetchpriority=\"high\" class=\"wp-image-294 avia-img-lazy-loading-not-294\"   src=\"https:\/\/chalet-rosenberg.ch\/wp-content\/uploads\/2021\/04\/img_1619015395-495x400.jpg\" width=\"495\" height=\"400\"  title='img_1619015395' alt='' \/><div class='big-prev-fake'><img decoding=\"async\" loading=\"lazy\" class=\"wp-image-294 avia-img-lazy-loading-294\"  width=\"495\" height=\"400\" src=\"https:\/\/chalet-rosenberg.ch\/wp-content\/uploads\/2021\/04\/img_1619015395-495x400.jpg\" title='img_1619015395' alt='' \/><\/div><\/a><a href=\"https:\/\/chalet-rosenberg.ch\/wp-content\/uploads\/2021\/04\/img_1619015394.jpg\" data-srcset=\"https:\/\/chalet-rosenberg.ch\/wp-content\/uploads\/2021\/04\/img_1619015394.jpg 1080w, https:\/\/chalet-rosenberg.ch\/wp-content\/uploads\/2021\/04\/img_1619015394-1024x686.jpg 1024w, https:\/\/chalet-rosenberg.ch\/wp-content\/uploads\/2021\/04\/img_1619015394-768x515.jpg 768w, https:\/\/chalet-rosenberg.ch\/wp-content\/uploads\/2021\/04\/img_1619015394-705x473.jpg 705w\" data-sizes=\"(max-width: 1080px) 100vw, 1080px\" data-rel='gallery-1' data-prev-img='https:\/\/chalet-rosenberg.ch\/wp-content\/uploads\/2021\/04\/img_1619015394-495x400.jpg' class='lightbox ' data-onclick='5' title=''  ><img decoding=\"async\" fetchpriority=\"high\" class=\"wp-image-297 avia-img-lazy-loading-not-297\"   src=\"https:\/\/chalet-rosenberg.ch\/wp-content\/uploads\/2021\/04\/img_1619015394-495x400.jpg\" width=\"495\" height=\"400\"  title='img_1619015394' alt='' srcset=\"https:\/\/chalet-rosenberg.ch\/wp-content\/uploads\/2021\/04\/img_1619015394-495x400.jpg 495w, https:\/\/chalet-rosenberg.ch\/wp-content\/uploads\/2021\/04\/img_1619015394-845x684.jpg 845w\" sizes=\"(max-width: 495px) 100vw, 495px\" \/><div class='big-prev-fake'><img decoding=\"async\" loading=\"lazy\" class=\"wp-image-297 avia-img-lazy-loading-297\"  width=\"495\" height=\"400\" src=\"https:\/\/chalet-rosenberg.ch\/wp-content\/uploads\/2021\/04\/img_1619015394-495x400.jpg\" title='img_1619015394' alt='' srcset=\"https:\/\/chalet-rosenberg.ch\/wp-content\/uploads\/2021\/04\/img_1619015394-495x400.jpg 495w, https:\/\/chalet-rosenberg.ch\/wp-content\/uploads\/2021\/04\/img_1619015394-845x684.jpg 845w\" sizes=\"auto, (max-width: 495px) 100vw, 495px\" \/><\/div><\/a><a href=\"https:\/\/chalet-rosenberg.ch\/wp-content\/uploads\/2021\/04\/img_1619015391.jpg\" data-srcset=\"https:\/\/chalet-rosenberg.ch\/wp-content\/uploads\/2021\/04\/img_1619015391.jpg 1080w, https:\/\/chalet-rosenberg.ch\/wp-content\/uploads\/2021\/04\/img_1619015391-1024x625.jpg 1024w, https:\/\/chalet-rosenberg.ch\/wp-content\/uploads\/2021\/04\/img_1619015391-768x469.jpg 768w, https:\/\/chalet-rosenberg.ch\/wp-content\/uploads\/2021\/04\/img_1619015391-705x430.jpg 705w\" data-sizes=\"(max-width: 1080px) 100vw, 1080px\" data-rel='gallery-1' data-prev-img='https:\/\/chalet-rosenberg.ch\/wp-content\/uploads\/2021\/04\/img_1619015391-495x400.jpg' class='first_thumb lightbox ' data-onclick='6' title=''  ><img decoding=\"async\" fetchpriority=\"high\" class=\"wp-image-300 avia-img-lazy-loading-not-300\"   src=\"https:\/\/chalet-rosenberg.ch\/wp-content\/uploads\/2021\/04\/img_1619015391-495x400.jpg\" width=\"495\" height=\"400\"  title='img_1619015391' alt='' \/><div class='big-prev-fake'><img decoding=\"async\" loading=\"lazy\" class=\"wp-image-300 avia-img-lazy-loading-300\"  width=\"495\" height=\"400\" src=\"https:\/\/chalet-rosenberg.ch\/wp-content\/uploads\/2021\/04\/img_1619015391-495x400.jpg\" title='img_1619015391' alt='' \/><\/div><\/a><a href=\"https:\/\/chalet-rosenberg.ch\/wp-content\/uploads\/2021\/04\/img_1619015411.jpg\" data-srcset=\"https:\/\/chalet-rosenberg.ch\/wp-content\/uploads\/2021\/04\/img_1619015411.jpg 1080w, https:\/\/chalet-rosenberg.ch\/wp-content\/uploads\/2021\/04\/img_1619015411-1024x631.jpg 1024w, https:\/\/chalet-rosenberg.ch\/wp-content\/uploads\/2021\/04\/img_1619015411-768x474.jpg 768w, https:\/\/chalet-rosenberg.ch\/wp-content\/uploads\/2021\/04\/img_1619015411-705x435.jpg 705w\" data-sizes=\"(max-width: 1080px) 100vw, 1080px\" data-rel='gallery-1' data-prev-img='https:\/\/chalet-rosenberg.ch\/wp-content\/uploads\/2021\/04\/img_1619015411-495x400.jpg' class='lightbox ' data-onclick='7' title=''  ><img decoding=\"async\" fetchpriority=\"high\" class=\"wp-image-303 avia-img-lazy-loading-not-303\"   src=\"https:\/\/chalet-rosenberg.ch\/wp-content\/uploads\/2021\/04\/img_1619015411-495x400.jpg\" width=\"495\" height=\"400\"  title='img_1619015411' alt='' \/><div class='big-prev-fake'><img decoding=\"async\" loading=\"lazy\" class=\"wp-image-303 avia-img-lazy-loading-303\"  width=\"495\" height=\"400\" src=\"https:\/\/chalet-rosenberg.ch\/wp-content\/uploads\/2021\/04\/img_1619015411-495x400.jpg\" title='img_1619015411' alt='' \/><\/div><\/a><a href=\"https:\/\/chalet-rosenberg.ch\/wp-content\/uploads\/2021\/04\/img_1619015409.jpg\" data-srcset=\"https:\/\/chalet-rosenberg.ch\/wp-content\/uploads\/2021\/04\/img_1619015409.jpg 1080w, https:\/\/chalet-rosenberg.ch\/wp-content\/uploads\/2021\/04\/img_1619015409-1024x741.jpg 1024w, https:\/\/chalet-rosenberg.ch\/wp-content\/uploads\/2021\/04\/img_1619015409-768x555.jpg 768w, https:\/\/chalet-rosenberg.ch\/wp-content\/uploads\/2021\/04\/img_1619015409-705x510.jpg 705w\" data-sizes=\"(max-width: 1080px) 100vw, 1080px\" data-rel='gallery-1' data-prev-img='https:\/\/chalet-rosenberg.ch\/wp-content\/uploads\/2021\/04\/img_1619015409-495x400.jpg' class='lightbox ' data-onclick='8' title=''  ><img decoding=\"async\" fetchpriority=\"high\" class=\"wp-image-306 avia-img-lazy-loading-not-306\"   src=\"https:\/\/chalet-rosenberg.ch\/wp-content\/uploads\/2021\/04\/img_1619015409-495x400.jpg\" width=\"495\" height=\"400\"  title='img_1619015409' alt='' srcset=\"https:\/\/chalet-rosenberg.ch\/wp-content\/uploads\/2021\/04\/img_1619015409-495x400.jpg 495w, https:\/\/chalet-rosenberg.ch\/wp-content\/uploads\/2021\/04\/img_1619015409-845x684.jpg 845w\" sizes=\"(max-width: 495px) 100vw, 495px\" \/><div class='big-prev-fake'><img decoding=\"async\" loading=\"lazy\" class=\"wp-image-306 avia-img-lazy-loading-306\"  width=\"495\" height=\"400\" src=\"https:\/\/chalet-rosenberg.ch\/wp-content\/uploads\/2021\/04\/img_1619015409-495x400.jpg\" title='img_1619015409' alt='' srcset=\"https:\/\/chalet-rosenberg.ch\/wp-content\/uploads\/2021\/04\/img_1619015409-495x400.jpg 495w, https:\/\/chalet-rosenberg.ch\/wp-content\/uploads\/2021\/04\/img_1619015409-845x684.jpg 845w\" sizes=\"auto, (max-width: 495px) 100vw, 495px\" \/><\/div><\/a><a href=\"https:\/\/chalet-rosenberg.ch\/wp-content\/uploads\/2021\/04\/img_1619015407.jpg\" data-srcset=\"https:\/\/chalet-rosenberg.ch\/wp-content\/uploads\/2021\/04\/img_1619015407.jpg 709w, https:\/\/chalet-rosenberg.ch\/wp-content\/uploads\/2021\/04\/img_1619015407-504x768.jpg 504w, https:\/\/chalet-rosenberg.ch\/wp-content\/uploads\/2021\/04\/img_1619015407-463x705.jpg 463w\" data-sizes=\"(max-width: 709px) 100vw, 709px\" data-rel='gallery-1' data-prev-img='https:\/\/chalet-rosenberg.ch\/wp-content\/uploads\/2021\/04\/img_1619015407-495x400.jpg' class='lightbox ' data-onclick='9' title=''  ><img decoding=\"async\" fetchpriority=\"high\" class=\"wp-image-309 avia-img-lazy-loading-not-309\"   src=\"https:\/\/chalet-rosenberg.ch\/wp-content\/uploads\/2021\/04\/img_1619015407-495x400.jpg\" width=\"495\" height=\"400\"  title='img_1619015407' alt='' \/><div class='big-prev-fake'><img decoding=\"async\" loading=\"lazy\" class=\"wp-image-309 avia-img-lazy-loading-309\"  width=\"495\" height=\"400\" src=\"https:\/\/chalet-rosenberg.ch\/wp-content\/uploads\/2021\/04\/img_1619015407-495x400.jpg\" title='img_1619015407' alt='' \/><\/div><\/a><a href=\"https:\/\/chalet-rosenberg.ch\/wp-content\/uploads\/2021\/04\/img_1619015405.jpg\" data-srcset=\"https:\/\/chalet-rosenberg.ch\/wp-content\/uploads\/2021\/04\/img_1619015405.jpg 697w, https:\/\/chalet-rosenberg.ch\/wp-content\/uploads\/2021\/04\/img_1619015405-496x768.jpg 496w, https:\/\/chalet-rosenberg.ch\/wp-content\/uploads\/2021\/04\/img_1619015405-455x705.jpg 455w\" data-sizes=\"(max-width: 697px) 100vw, 697px\" data-rel='gallery-1' data-prev-img='https:\/\/chalet-rosenberg.ch\/wp-content\/uploads\/2021\/04\/img_1619015405-495x400.jpg' class='lightbox ' data-onclick='10' title=''  ><img decoding=\"async\" fetchpriority=\"high\" class=\"wp-image-312 avia-img-lazy-loading-not-312\"   src=\"https:\/\/chalet-rosenberg.ch\/wp-content\/uploads\/2021\/04\/img_1619015405-495x400.jpg\" width=\"495\" height=\"400\"  title='img_1619015405' alt='' \/><div class='big-prev-fake'><img decoding=\"async\" loading=\"lazy\" class=\"wp-image-312 avia-img-lazy-loading-312\"  width=\"495\" height=\"400\" src=\"https:\/\/chalet-rosenberg.ch\/wp-content\/uploads\/2021\/04\/img_1619015405-495x400.jpg\" title='img_1619015405' alt='' \/><\/div><\/a><a href=\"https:\/\/chalet-rosenberg.ch\/wp-content\/uploads\/2021\/04\/img_1619015403.jpg\" data-srcset=\"https:\/\/chalet-rosenberg.ch\/wp-content\/uploads\/2021\/04\/img_1619015403.jpg 713w, https:\/\/chalet-rosenberg.ch\/wp-content\/uploads\/2021\/04\/img_1619015403-507x768.jpg 507w, https:\/\/chalet-rosenberg.ch\/wp-content\/uploads\/2021\/04\/img_1619015403-465x705.jpg 465w\" data-sizes=\"(max-width: 713px) 100vw, 713px\" data-rel='gallery-1' data-prev-img='https:\/\/chalet-rosenberg.ch\/wp-content\/uploads\/2021\/04\/img_1619015403-495x400.jpg' class='first_thumb lightbox ' data-onclick='11' title=''  ><img decoding=\"async\" fetchpriority=\"high\" class=\"wp-image-315 avia-img-lazy-loading-not-315\"   src=\"https:\/\/chalet-rosenberg.ch\/wp-content\/uploads\/2021\/04\/img_1619015403-495x400.jpg\" width=\"495\" height=\"400\"  title='img_1619015403' alt='' \/><div class='big-prev-fake'><img decoding=\"async\" loading=\"lazy\" class=\"wp-image-315 avia-img-lazy-loading-315\"  width=\"495\" height=\"400\" src=\"https:\/\/chalet-rosenberg.ch\/wp-content\/uploads\/2021\/04\/img_1619015403-495x400.jpg\" title='img_1619015403' alt='' \/><\/div><\/a><a href=\"https:\/\/chalet-rosenberg.ch\/wp-content\/uploads\/2021\/04\/img_1619015401.jpg\" data-srcset=\"https:\/\/chalet-rosenberg.ch\/wp-content\/uploads\/2021\/04\/img_1619015401.jpg 1080w, https:\/\/chalet-rosenberg.ch\/wp-content\/uploads\/2021\/04\/img_1619015401-1024x683.jpg 1024w, https:\/\/chalet-rosenberg.ch\/wp-content\/uploads\/2021\/04\/img_1619015401-768x512.jpg 768w, https:\/\/chalet-rosenberg.ch\/wp-content\/uploads\/2021\/04\/img_1619015401-705x470.jpg 705w\" data-sizes=\"(max-width: 1080px) 100vw, 1080px\" data-rel='gallery-1' data-prev-img='https:\/\/chalet-rosenberg.ch\/wp-content\/uploads\/2021\/04\/img_1619015401-495x400.jpg' class='lightbox ' data-onclick='12' title=''  ><img decoding=\"async\" fetchpriority=\"high\" class=\"wp-image-318 avia-img-lazy-loading-not-318\"   src=\"https:\/\/chalet-rosenberg.ch\/wp-content\/uploads\/2021\/04\/img_1619015401-495x400.jpg\" width=\"495\" height=\"400\"  title='img_1619015401' alt='' srcset=\"https:\/\/chalet-rosenberg.ch\/wp-content\/uploads\/2021\/04\/img_1619015401-495x400.jpg 495w, https:\/\/chalet-rosenberg.ch\/wp-content\/uploads\/2021\/04\/img_1619015401-845x684.jpg 845w\" sizes=\"(max-width: 495px) 100vw, 495px\" \/><div class='big-prev-fake'><img decoding=\"async\" loading=\"lazy\" class=\"wp-image-318 avia-img-lazy-loading-318\"  width=\"495\" height=\"400\" src=\"https:\/\/chalet-rosenberg.ch\/wp-content\/uploads\/2021\/04\/img_1619015401-495x400.jpg\" title='img_1619015401' alt='' srcset=\"https:\/\/chalet-rosenberg.ch\/wp-content\/uploads\/2021\/04\/img_1619015401-495x400.jpg 495w, https:\/\/chalet-rosenberg.ch\/wp-content\/uploads\/2021\/04\/img_1619015401-845x684.jpg 845w\" sizes=\"auto, (max-width: 495px) 100vw, 495px\" \/><\/div><\/a><\/div><\/div><\/div>\n","protected":false},"excerpt":{"rendered":"","protected":false},"author":4,"featured_media":0,"parent":0,"menu_order":0,"comment_status":"closed","ping_status":"open","template":"","meta":{"footnotes":""},"class_list":["post-324","page","type-page","status-publish","hentry"],"_links":{"self":[{"href":"https:\/\/chalet-rosenberg.ch\/fr\/wp-json\/wp\/v2\/pages\/324","targetHints":{"allow":["GET"]}}],"collection":[{"href":"https:\/\/chalet-rosenberg.ch\/fr\/wp-json\/wp\/v2\/pages"}],"about":[{"href":"https:\/\/chalet-rosenberg.ch\/fr\/wp-json\/wp\/v2\/types\/page"}],"author":[{"embeddable":true,"href":"https:\/\/chalet-rosenberg.ch\/fr\/wp-json\/wp\/v2\/users\/4"}],"replies":[{"embeddable":true,"href":"https:\/\/chalet-rosenberg.ch\/fr\/wp-json\/wp\/v2\/comments?post=324"}],"version-history":[{"count":2,"href":"https:\/\/chalet-rosenberg.ch\/fr\/wp-json\/wp\/v2\/pages\/324\/revisions"}],"predecessor-version":[{"id":326,"href":"https:\/\/chalet-rosenberg.ch\/fr\/wp-json\/wp\/v2\/pages\/324\/revisions\/326"}],"wp:attachment":[{"href":"https:\/\/chalet-rosenberg.ch\/fr\/wp-json\/wp\/v2\/media?parent=324"}],"curies":[{"name":"wp","href":"https:\/\/api.w.org\/{rel}","templated":true}]}}